{"id":2740,"date":"2019-10-16T16:02:26","date_gmt":"2019-10-16T16:02:26","guid":{"rendered":"https:\/\/impresion3d.mx\/?page_id=2740"},"modified":"2019-10-16T16:04:37","modified_gmt":"2019-10-16T16:04:37","slug":"mi-modelo","status":"publish","type":"page","link":"https:\/\/impresion3d.mx\/en\/mi-modelo\/","title":{"rendered":"Compartir o vender  mi modelo."},"content":{"rendered":"<p style=\"text-align:center\"> <div id=\"multi-step-form\" class=\"fw-wizard\" data-stepcount=\"1\" data-wizardid=\"6\">\n    <div class=\"fw-wizard-step-header-container\">\n        <div class=\"fw-container\" data-redirect=\"https:\/\/impresion3d.mx\/gracias\">\n                <div class=\"fw-wizard-step-header\" data-stepid=\"0\">\n            <h2>\u00a1Que a todo dar que te guste dise\u00f1ar en 3D!<\/h2>\n            <p class=\"fw-copytext\">Si deseas saber m\u00e1s acerca de las licencias Creative Commons, visita el blog.<\/p>\n        <\/div>\n                <\/div>\n    <\/div>\n    <div class=\"fw-progress-bar-container\">\n        <div class=\"fw-container\">\n    <div class=\"fw-progress-wrap\">\n    <ul class=\"fw-progress-bar\"\n        data-activecolor=\"#546e7a\"\n        data-donecolor=\"#4caf50\"\n        data-nextcolor=\"#aaa\"\n        data-buttoncolor=\"#546e7a\">\n                <li class=\"fw-progress-step\"\n            data-id=\"0\">\n            <span class=\"fw-progress-bar-bar\"><\/span>\n            <span class=\"fw-txt-ellipsis\" data-title=\"Compartir mi modelo\">Compartir mi modelo<\/span>\n                    <\/li>\n                <\/ul>\n<\/div>\n        <\/div>\n    <\/div>\n    <div class=\"fw-wizard-step-container\">\n        <div class=\"fw-container\">\n                    <div class=\"fw-wizard-step\" data-stepid=\"0\">\n                <div class=\"fw-step-part\" data-partid=\"0\">\n\t<h2 class=\"fw-step-part-title\">\n\t\t\tPor favor completa los siguientes pasos.\t<\/h2>\n\t<div class=\"fw-clearfix\"><\/div>\n\t<div class=\"fw-step-part-body\">\n\t\t\t\t\t\t\t\t\t<div class=\"fw-step-block\" data-blockid=\"6\" data-type=\"fw-text\" data-required=\"true\">\n\t\t\t<div class=\"fw-input-container\">\n\t\t\t\t<label for=\"msf-text-\u00bfcu\u00e1l-es-tu-nombre-de-usuario-en-impresi\u00f3n-3d-m\u00e9xico?\"><h3>\u00bfCu\u00e1l es tu nombre de usuario en Impresi\u00f3n 3D M\u00e9xico?<\/h3><\/label>\n\t\t\t\t<input \n\t\t\t\t\ttype=\"text\" \n\t\t\t\t\tclass=\"fw-text-input\" \n\t\t\t\t\tid=\"msf-text-\u00bfcu\u00e1l-es-tu-nombre-de-usuario-en-impresi\u00f3n-3d-m\u00e9xico?\"\n\t\t\t\t\tdata-id=\"text\">\n\t\t\t\t<span class=\"fa fa-pencil form-control-feedback\" aria-hidden=\"true\"><\/span>\n\t\t\t<\/div>\n\t\t\t<div class=\"fw-clearfix\"><\/div>\n\t\t<\/div>\n\t\t\t\t\t\t\t\t\t\t\t<div class=\"fw-step-block\" data-blockid=\"6\" data-type=\"fw-file\" data-required=\"true\">\n\t\t\t<div class=\"fw-input-container\">\n\t\t\t\t<h3>Adjunta tu(s) modelo(s) .STL<\/h3>\n\t\t\t\t<input type=\"file\" name=\"fw-6-0-0-1\" id=\"fw-6-0-0-1\" class=\"fw-file-upload-input\" multiple>\n\t\t\t\t<label class=\"fw-btn fw-button-fileupload\" for=\"fw-6-0-0-1\"><i class=\"fa fa-upload fw-file-upload-status\" aria-hidden=\"true\"><\/i><span>Choose a file<\/span><\/label>\n\t\t\t\t<p>Max. size: 64.0 MB<\/p>\n\t\t\t<\/div>\n\t\t\t<div class=\"fw-clearfix\"><\/div>\n\t\t<\/div>\n\t  \t\t\t\t\t\t\t\t\t<div class=\"fw-step-block\" data-blockid=\"6\" data-type=\"fw-radio\" data-required=\"true\">\n\t\t\t\t\t\t\t\t<h3>\u00bfQu\u00e9 deseas hacer con tu modelo?<\/h3>\n\t\t\t\t\t\t\t\t\t\t<span class=\"fw-choice fw-radio-row\">\n\t\t\t\t\t\t<input id=\"fw-6-0-0-2-1\" type=\"radio\" name=\"fw-6-0-0-2\" class=\"fw-radio\" data-id=\"1\">\n\t\t\t\t\t\t<label for=\"fw-6-0-0-2-1\" data-labelid=\"1\">Compartirlo (gratis)<\/label>\n\t\t\t\t\t<\/span>\n\t\t\t\t\t\t\t\t\t\t<span class=\"fw-choice fw-radio-row\">\n\t\t\t\t\t\t<input id=\"fw-6-0-0-2-2\" type=\"radio\" name=\"fw-6-0-0-2\" class=\"fw-radio\" data-id=\"2\">\n\t\t\t\t\t\t<label for=\"fw-6-0-0-2-2\" data-labelid=\"2\">Venderlo<\/label>\n\t\t\t\t\t<\/span>\n\t\t\t\t\t\t\t<\/div>\n\t\t\t\t\t\t\t\t\t\t\t<div class=\"fw-step-block msfp-block-conditional\"\n\t\tdata-visible=\"show\"\n\t\tdata-prec-block-id=\"2\"\n\t\tdata-prec-value=\"Compartirlo (gratis)\"\n\t\tdata-prec-op=\"eq\">\n\t\t\t\t\t<div class=\"fw-step-block\" data-blockid=\"6\" data-type=\"fw-select\" data-required=\"true\">\t\n\t\t\t<label for=\"msf-select-indica-el-tipo-de-licencia-(creative-commons)-con-la-que-quieres-compartir-tu-modelo:\"><h3>Indica el tipo de licencia (Creative Commons) con la que quieres compartir tu modelo:<\/h3><\/label>\n\t\t\t<select class=\"fw-select\" \n\t\t\t\tdata-search=\"true\" \n\t\t\t\tdata-placeholder=\"Elige una opci\u00f3n:\" \n\t\t\t\tdata-required=\"true\"\n\t\t\t\tid=\"msf-select-indica-el-tipo-de-licencia-(creative-commons)-con-la-que-quieres-compartir-tu-modelo:\">\n\t\t\t\t<option><\/option>\n\t\t\t\t\t\t\t\t<option id=\"fw-6-0-0-3-0\" type=\"select\" name=\"fw-6-0-0-3\">Reconocimiento (CC BY).<\/option>\n\t\t\t\t\t\t\t\t<option id=\"fw-6-0-0-3-1\" type=\"select\" name=\"fw-6-0-0-3\">Reconocimiento- Compartir Igual (CC BY-SA).<\/option>\n\t\t\t\t\t\t\t\t<option id=\"fw-6-0-0-3-2\" type=\"select\" name=\"fw-6-0-0-3\">Reconocimiento \u2013 Sin Obra Derivada (CC BY-ND).<\/option>\n\t\t\t\t\t\t\t\t<option id=\"fw-6-0-0-3-3\" type=\"select\" name=\"fw-6-0-0-3\">Reconocimiento \u2013 No Comercial (CC BY-NC).<\/option>\n\t\t\t\t\t\t\t\t<option id=\"fw-6-0-0-3-4\" type=\"select\" name=\"fw-6-0-0-3\">Reconocimiento \u2013 No Comercial \u2013 Sin Obra Derivada (CC BY-NC-ND).<\/option>\n\t\t\t\t\t\t\t\t<option id=\"fw-6-0-0-3-5\" type=\"select\" name=\"fw-6-0-0-3\">Reconocimiento \u2013 No Comercial \u2013 Compartir Igual (CC BY-NC-SA).<\/option>\n\t\t\t\t\t\t\t<\/select>\n\t\t<\/div>\n\t\t  \t\t<\/div>\n\t\t\t\t\t\t\t\t\t\t\t<div class=\"fw-step-block msfp-block-conditional\"\n\t\tdata-visible=\"show\"\n\t\tdata-prec-block-id=\"2\"\n\t\tdata-prec-value=\"Venderlo\"\n\t\tdata-prec-op=\"eq\">\n\t\t\t\t\t<div \n\t\t\tclass=\"fw-step-block\" \n\t\t\tdata-blockid=\"6\" \n\t\t\tdata-type=\"fw-numeric\" \n\t\t\tdata-required=\"true\" \n\t\t\tdata-min=\"20\"\t\t\t\t\t>\n\n\t\t\t<div class=\"fw-input-container\">\n\t\t\t\t<label for=\"msf-numeric-indica-el-costo-del-mismo-($mxn):\"><h3>Indica el costo del mismo ($MXN):<\/h3><\/label>\n\t\t\t\t<input \n\t\t\t\t\ttype=\"text\" \n\t\t\t\t\tclass=\"fw-text-input\" \n\t\t\t\t\tdata-id=\"numeric\"\n\t\t\t\t\tid=\"msf-numeric-indica-el-costo-del-mismo-($mxn):\"\n\t\t\t\t\tplaceholder=\"min. 20\"\n\t\t\t\t\tmin=\"20\"\t\t\t\t\t\t\t\t\t>\n\t\t\t\t<span class=\"fa fa-asterisk form-control-feedback\" aria-hidden=\"true\"><\/span>\n\t\t\t<\/div>\n\t\t\t<div class=\"fw-clearfix\"><\/div>\n\t\t<\/div>\n\t  \t\t<\/div>\n\t\t\t\t\t\t<\/div>\n<\/div>\n\t\t\t                        <div class=\"fw-summary-container\">\n                            <button type=\"button\" class=\"fw-toggle-summary\">SHOW SUMMARY<\/button>\n                            <div id=\"wizard-summary\" class=\"fw-wizard-summary\" style=\"display:none;\" data-showsummary=\"on\">\n                            <div class=\"fw-summary-alert\">Some required Fields are empty<br>Please check the highlighted fields.<\/div>\n                            <\/div>\n                        <\/div>\n                                            <button type=\"button\" class=\"fw-btn-submit\">Submit<\/button>\n                                <div class=\"fw-clearfix\"><\/div>\n            <\/div>\n                    <\/div>\n    <\/div>\n        <div class=\"fw-alert-user\" style=\"display:none;\"><\/div>\n<\/div>\n. <\/p>","protected":false},"excerpt":{"rendered":"<p>.<\/p>","protected":false},"author":1,"featured_media":0,"parent":0,"menu_order":0,"comment_status":"closed","ping_status":"closed","template":"","meta":{"footnotes":""},"yoast_head":"<!-- This site is optimized with the Yoast SEO plugin v21.5 - https:\/\/yoast.com\/wordpress\/plugins\/seo\/ -->\n<title>Compartir o vender mi modelo. &#8211; Impresi\u00f3n 3D M\u00e9xico<\/title>\n<meta name=\"robots\" content=\"index, follow, max-snippet:-1, max-image-preview:large, max-video-preview:-1\" \/>\n<link rel=\"canonical\" href=\"https:\/\/impresion3d.mx\/en\/mi-modelo\/\" \/>\n<meta property=\"og:locale\" content=\"en_US\" \/>\n<meta property=\"og:type\" content=\"article\" \/>\n<meta property=\"og:title\" content=\"Compartir o vender mi modelo. &#8211; Impresi\u00f3n 3D M\u00e9xico\" \/>\n<meta property=\"og:description\" content=\".\" \/>\n<meta property=\"og:url\" content=\"https:\/\/impresion3d.mx\/en\/mi-modelo\/\" \/>\n<meta property=\"og:site_name\" content=\"Impresi\u00f3n 3D M\u00e9xico\" \/>\n<meta property=\"article:publisher\" content=\"https:\/\/facebook.com\/impresion3d.mx\" \/>\n<meta property=\"article:modified_time\" content=\"2019-10-16T16:04:37+00:00\" \/>\n<meta name=\"twitter:card\" content=\"summary_large_image\" \/>\n<meta name=\"twitter:site\" content=\"@impresion3d_mx\" \/>\n<script type=\"application\/ld+json\" class=\"yoast-schema-graph\">{\"@context\":\"https:\/\/schema.org\",\"@graph\":[{\"@type\":\"WebPage\",\"@id\":\"https:\/\/impresion3d.mx\/en\/mi-modelo\/\",\"url\":\"https:\/\/impresion3d.mx\/en\/mi-modelo\/\",\"name\":\"Compartir o vender mi modelo. &#8211; Impresi\u00f3n 3D M\u00e9xico\",\"isPartOf\":{\"@id\":\"https:\/\/impresion3d.mx\/en\/#website\"},\"datePublished\":\"2019-10-16T16:02:26+00:00\",\"dateModified\":\"2019-10-16T16:04:37+00:00\",\"breadcrumb\":{\"@id\":\"https:\/\/impresion3d.mx\/en\/mi-modelo\/#breadcrumb\"},\"inLanguage\":\"en-US\",\"potentialAction\":[{\"@type\":\"ReadAction\",\"target\":[\"https:\/\/impresion3d.mx\/en\/mi-modelo\/\"]}]},{\"@type\":\"BreadcrumbList\",\"@id\":\"https:\/\/impresion3d.mx\/en\/mi-modelo\/#breadcrumb\",\"itemListElement\":[{\"@type\":\"ListItem\",\"position\":1,\"name\":\"Home\",\"item\":\"https:\/\/impresion3d.mx\/en\/\"},{\"@type\":\"ListItem\",\"position\":2,\"name\":\"Compartir o vender mi modelo.\"}]},{\"@type\":\"WebSite\",\"@id\":\"https:\/\/impresion3d.mx\/en\/#website\",\"url\":\"https:\/\/impresion3d.mx\/en\/\",\"name\":\"Impresi\u00f3n 3D M\u00e9xico\",\"description\":\"\",\"publisher\":{\"@id\":\"https:\/\/impresion3d.mx\/en\/#organization\"},\"potentialAction\":[{\"@type\":\"SearchAction\",\"target\":{\"@type\":\"EntryPoint\",\"urlTemplate\":\"https:\/\/impresion3d.mx\/en\/?s={search_term_string}\"},\"query-input\":\"required name=search_term_string\"}],\"inLanguage\":\"en-US\"},{\"@type\":\"Organization\",\"@id\":\"https:\/\/impresion3d.mx\/en\/#organization\",\"name\":\"Impresi\u00f3n 3D M\u00e9xico\",\"url\":\"https:\/\/impresion3d.mx\/en\/\",\"logo\":{\"@type\":\"ImageObject\",\"inLanguage\":\"en-US\",\"@id\":\"https:\/\/impresion3d.mx\/en\/#\/schema\/logo\/image\/\",\"url\":\"https:\/\/impresion3d.mx\/wp-content\/uploads\/2018\/09\/impresion3d.png\",\"contentUrl\":\"https:\/\/impresion3d.mx\/wp-content\/uploads\/2018\/09\/impresion3d.png\",\"width\":1027,\"height\":1040,\"caption\":\"Impresi\u00f3n 3D M\u00e9xico\"},\"image\":{\"@id\":\"https:\/\/impresion3d.mx\/en\/#\/schema\/logo\/image\/\"},\"sameAs\":[\"https:\/\/facebook.com\/impresion3d.mx\",\"https:\/\/twitter.com\/impresion3d_mx\",\"https:\/\/instagram.com\/impresion3d.mx\",\"https:\/\/www.linkedin.com\/company\/impresion3dmx\"]}]}<\/script>\n<!-- \/ Yoast SEO plugin. -->","yoast_head_json":{"title":"Compartir o vender mi modelo. &#8211; Impresi\u00f3n 3D M\u00e9xico","robots":{"index":"index","follow":"follow","max-snippet":"max-snippet:-1","max-image-preview":"max-image-preview:large","max-video-preview":"max-video-preview:-1"},"canonical":"https:\/\/impresion3d.mx\/en\/mi-modelo\/","og_locale":"en_US","og_type":"article","og_title":"Compartir o vender mi modelo. &#8211; Impresi\u00f3n 3D M\u00e9xico","og_description":".","og_url":"https:\/\/impresion3d.mx\/en\/mi-modelo\/","og_site_name":"Impresi\u00f3n 3D M\u00e9xico","article_publisher":"https:\/\/facebook.com\/impresion3d.mx","article_modified_time":"2019-10-16T16:04:37+00:00","twitter_card":"summary_large_image","twitter_site":"@impresion3d_mx","schema":{"@context":"https:\/\/schema.org","@graph":[{"@type":"WebPage","@id":"https:\/\/impresion3d.mx\/en\/mi-modelo\/","url":"https:\/\/impresion3d.mx\/en\/mi-modelo\/","name":"Compartir o vender mi modelo. &#8211; Impresi\u00f3n 3D M\u00e9xico","isPartOf":{"@id":"https:\/\/impresion3d.mx\/en\/#website"},"datePublished":"2019-10-16T16:02:26+00:00","dateModified":"2019-10-16T16:04:37+00:00","breadcrumb":{"@id":"https:\/\/impresion3d.mx\/en\/mi-modelo\/#breadcrumb"},"inLanguage":"en-US","potentialAction":[{"@type":"ReadAction","target":["https:\/\/impresion3d.mx\/en\/mi-modelo\/"]}]},{"@type":"BreadcrumbList","@id":"https:\/\/impresion3d.mx\/en\/mi-modelo\/#breadcrumb","itemListElement":[{"@type":"ListItem","position":1,"name":"Home","item":"https:\/\/impresion3d.mx\/en\/"},{"@type":"ListItem","position":2,"name":"Compartir o vender mi modelo."}]},{"@type":"WebSite","@id":"https:\/\/impresion3d.mx\/en\/#website","url":"https:\/\/impresion3d.mx\/en\/","name":"Impresi\u00f3n 3D M\u00e9xico","description":"","publisher":{"@id":"https:\/\/impresion3d.mx\/en\/#organization"},"potentialAction":[{"@type":"SearchAction","target":{"@type":"EntryPoint","urlTemplate":"https:\/\/impresion3d.mx\/en\/?s={search_term_string}"},"query-input":"required name=search_term_string"}],"inLanguage":"en-US"},{"@type":"Organization","@id":"https:\/\/impresion3d.mx\/en\/#organization","name":"Impresi\u00f3n 3D M\u00e9xico","url":"https:\/\/impresion3d.mx\/en\/","logo":{"@type":"ImageObject","inLanguage":"en-US","@id":"https:\/\/impresion3d.mx\/en\/#\/schema\/logo\/image\/","url":"https:\/\/impresion3d.mx\/wp-content\/uploads\/2018\/09\/impresion3d.png","contentUrl":"https:\/\/impresion3d.mx\/wp-content\/uploads\/2018\/09\/impresion3d.png","width":1027,"height":1040,"caption":"Impresi\u00f3n 3D M\u00e9xico"},"image":{"@id":"https:\/\/impresion3d.mx\/en\/#\/schema\/logo\/image\/"},"sameAs":["https:\/\/facebook.com\/impresion3d.mx","https:\/\/twitter.com\/impresion3d_mx","https:\/\/instagram.com\/impresion3d.mx","https:\/\/www.linkedin.com\/company\/impresion3dmx"]}]}},"_links":{"self":[{"href":"https:\/\/impresion3d.mx\/en\/wp-json\/wp\/v2\/pages\/2740"}],"collection":[{"href":"https:\/\/impresion3d.mx\/en\/wp-json\/wp\/v2\/pages"}],"about":[{"href":"https:\/\/impresion3d.mx\/en\/wp-json\/wp\/v2\/types\/page"}],"author":[{"embeddable":true,"href":"https:\/\/impresion3d.mx\/en\/wp-json\/wp\/v2\/users\/1"}],"replies":[{"embeddable":true,"href":"https:\/\/impresion3d.mx\/en\/wp-json\/wp\/v2\/comments?post=2740"}],"version-history":[{"count":0,"href":"https:\/\/impresion3d.mx\/en\/wp-json\/wp\/v2\/pages\/2740\/revisions"}],"wp:attachment":[{"href":"https:\/\/impresion3d.mx\/en\/wp-json\/wp\/v2\/media?parent=2740"}],"curies":[{"name":"wp","href":"https:\/\/api.w.org\/{rel}","templated":true}]}}