{"id":2800,"date":"2019-12-09T07:20:33","date_gmt":"2019-12-09T07:20:33","guid":{"rendered":"https:\/\/impresion3d.mx\/?page_id=2800"},"modified":"2019-12-09T07:21:21","modified_gmt":"2019-12-09T07:21:21","slug":"cad","status":"publish","type":"page","link":"https:\/\/impresion3d.mx\/en\/cad\/","title":{"rendered":"Dise\u00f1o y\/o Ingenier\u00eda bajo demanda."},"content":{"rendered":"<p style=\"text-align:center\">\n\n<div id=\"multi-step-form\" class=\"fw-wizard\" data-stepcount=\"1\" data-wizardid=\"8\">\n    <div class=\"fw-wizard-step-header-container\">\n        <div class=\"fw-container\" data-redirect=\"https:\/\/impresion3d.mx\/gracias\">\n                <div class=\"fw-wizard-step-header\" data-stepid=\"0\">\n            <h2>Conectamos tu idea con un dise\u00f1ador o ingeniero para que juntos la materialicen.<\/h2>\n            <p class=\"fw-copytext\"><\/p>\n        <\/div>\n                <\/div>\n    <\/div>\n    <div class=\"fw-progress-bar-container\">\n        <div class=\"fw-container\">\n    <div class=\"fw-progress-wrap\">\n    <ul class=\"fw-progress-bar\"\n        data-activecolor=\"#546e7a\"\n        data-donecolor=\"#4caf50\"\n        data-nextcolor=\"#aaa\"\n        data-buttoncolor=\"#546e7a\">\n                <li class=\"fw-progress-step\"\n            data-id=\"0\">\n            <span class=\"fw-progress-bar-bar\"><\/span>\n            <span class=\"fw-txt-ellipsis\" data-title=\"Dise\u00f1o y\/o Ingenier\u00eda bajo demanda.\">Dise\u00f1o y\/o Ingenier\u00eda bajo demanda.<\/span>\n                    <\/li>\n                <\/ul>\n<\/div>\n        <\/div>\n    <\/div>\n    <div class=\"fw-wizard-step-container\">\n        <div class=\"fw-container\">\n                    <div class=\"fw-wizard-step\" data-stepid=\"0\">\n                <div class=\"fw-step-part\" data-partid=\"0\">\n\t<h2 class=\"fw-step-part-title\">\n\t\t\tPor favor, completa los siguientes pasos:\t<\/h2>\n\t<div class=\"fw-clearfix\"><\/div>\n\t<div class=\"fw-step-part-body\">\n\t\t\t\t\t\t\t\t\t<div class=\"fw-step-block\" data-blockid=\"8\" data-type=\"fw-file\" data-required=\"true\">\n\t\t\t<div class=\"fw-input-container\">\n\t\t\t\t<h3>Adjunta una foto, dibujo o plano de lo que deseas materializar.<\/h3>\n\t\t\t\t<input type=\"file\" name=\"fw-8-0-0-0\" id=\"fw-8-0-0-0\" class=\"fw-file-upload-input\" multiple>\n\t\t\t\t<label class=\"fw-btn fw-button-fileupload\" for=\"fw-8-0-0-0\"><i class=\"fa fa-upload fw-file-upload-status\" aria-hidden=\"true\"><\/i><span>Choose a file<\/span><\/label>\n\t\t\t\t<p>Max. size: 64.0 MB<\/p>\n\t\t\t<\/div>\n\t\t\t<div class=\"fw-clearfix\"><\/div>\n\t\t<\/div>\n\t  \t\t\t\t\t\t\t\t\t<div class=\"fw-step-block\" data-blockid=\"8\" data-type=\"fw-select\" data-required=\"true\">\t\n\t\t\t<label for=\"msf-select-elige-el-sector\/industria-de-tu-proyecto\"><h3>Elige el sector\/industria de tu proyecto<\/h3><\/label>\n\t\t\t<select class=\"fw-select\" \n\t\t\t\tdata-search=\"true\" \n\t\t\t\tdata-placeholder=\"Selecciona uno:\" \n\t\t\t\tdata-required=\"true\"\n\t\t\t\tid=\"msf-select-elige-el-sector\/industria-de-tu-proyecto\">\n\t\t\t\t<option><\/option>\n\t\t\t\t\t\t\t\t<option id=\"fw-8-0-0-1-0\" type=\"select\" name=\"fw-8-0-0-1\">Automotriz<\/option>\n\t\t\t\t\t\t\t\t<option id=\"fw-8-0-0-1-1\" type=\"select\" name=\"fw-8-0-0-1\">Inyecci\u00f3n de pl\u00e1stico<\/option>\n\t\t\t\t\t\t\t\t<option id=\"fw-8-0-0-1-2\" type=\"select\" name=\"fw-8-0-0-1\">Aeron\u00e1utica<\/option>\n\t\t\t\t\t\t\t\t<option id=\"fw-8-0-0-1-3\" type=\"select\" name=\"fw-8-0-0-1\">Salud<\/option>\n\t\t\t\t\t\t\t\t<option id=\"fw-8-0-0-1-4\" type=\"select\" name=\"fw-8-0-0-1\">Cer\u00e1mica<\/option>\n\t\t\t\t\t\t\t\t<option id=\"fw-8-0-0-1-5\" type=\"select\" name=\"fw-8-0-0-1\">Joyer\u00eda<\/option>\n\t\t\t\t\t\t\t\t<option id=\"fw-8-0-0-1-6\" type=\"select\" name=\"fw-8-0-0-1\">Educaci\u00f3n<\/option>\n\t\t\t\t\t\t\t\t<option id=\"fw-8-0-0-1-7\" type=\"select\" name=\"fw-8-0-0-1\">Arte<\/option>\n\t\t\t\t\t\t\t\t<option id=\"fw-8-0-0-1-8\" type=\"select\" name=\"fw-8-0-0-1\">Moda<\/option>\n\t\t\t\t\t\t\t<\/select>\n\t\t<\/div>\n\t\t  \t\t\t\t\t\t\t\t\t<div class=\"fw-step-block\" data-blockid=\"8\" data-type=\"fw-text\" data-required=\"false\">\n\t\t\t<div class=\"fw-input-container\">\n\t\t\t\t<label for=\"msf-text-nombre-de-la-empresa:\"><h3>Nombre de la empresa:<\/h3><\/label>\n\t\t\t\t<input \n\t\t\t\t\ttype=\"text\" \n\t\t\t\t\tclass=\"fw-text-input\" \n\t\t\t\t\tid=\"msf-text-nombre-de-la-empresa:\"\n\t\t\t\t\tdata-id=\"text\">\n\t\t\t\t<span class=\"fa fa-pencil form-control-feedback\" aria-hidden=\"true\"><\/span>\n\t\t\t<\/div>\n\t\t\t<div class=\"fw-clearfix\"><\/div>\n\t\t<\/div>\n\t\t\t\t\t\t\t\t\t\t\t<div class=\"fw-step-block\" data-blockid=\"8\" data-type=\"fw-email\" data-required=\"true\">\n\t\t\t<div class=\"fw-input-container\">\n\t\t\t\t<label for=\"msf-mail-e-mail-de-contacto:\"><h3>E-mail de contacto:<\/h3><\/label>\n\t\t\t\t<input type=\"text\" id=\"msf-mail-e-mail-de-contacto:\"  class=\"fw-text-input one\" data-id=\"email\">\n\t\t\t\t<span class=\"fa fa-envelope form-control-feedback\" aria-hidden=\"true\"><\/span>\n\t\t\t<\/div>\n\t\t\t\t\t\t<div class=\"fw-clearfix\"><\/div>\n\t\t<\/div>\n\t  \t\t\t\t\t\t\t\t\t<div class=\"fw-step-block\" data-blockid=\"8\" data-type=\"fw-text\" data-required=\"false\">\n\t\t\t<div class=\"fw-input-container\">\n\t\t\t\t<label for=\"msf-text-comentarios-u-observaciones:\"><h3>Comentarios u observaciones:<\/h3><\/label>\n\t\t\t\t<input \n\t\t\t\t\ttype=\"text\" \n\t\t\t\t\tclass=\"fw-text-input\" \n\t\t\t\t\tid=\"msf-text-comentarios-u-observaciones:\"\n\t\t\t\t\tdata-id=\"text\">\n\t\t\t\t<span class=\"fa fa-pencil form-control-feedback\" aria-hidden=\"true\"><\/span>\n\t\t\t<\/div>\n\t\t\t<div class=\"fw-clearfix\"><\/div>\n\t\t<\/div>\n\t\t\t\t\t\t<\/div>\n<\/div>\n\t\t\t                        <div class=\"fw-summary-container\">\n                            <button type=\"button\" class=\"fw-toggle-summary\">SHOW SUMMARY<\/button>\n                            <div id=\"wizard-summary\" class=\"fw-wizard-summary\" style=\"display:none;\" data-showsummary=\"on\">\n                            <div class=\"fw-summary-alert\">Some required Fields are empty<br>Please check the highlighted fields.<\/div>\n                            <\/div>\n                        <\/div>\n                                            <button type=\"button\" class=\"fw-btn-submit\">Submit<\/button>\n                                <div class=\"fw-clearfix\"><\/div>\n            <\/div>\n                    <\/div>\n    <\/div>\n        <div class=\"fw-alert-user\" style=\"display:none;\"><\/div>\n<\/div>","protected":false},"excerpt":{"rendered":"Conectamos tu idea con un dise\u00f1ador o ingeniero para que juntos la materialicen. Dise\u00f1o y\/o Ingenier\u00eda bajo demanda. Por favor, completa los siguientes pasos: Adjunta una foto, dibujo o plano de lo que deseas materializar. Choose a file Max. size: 64.0 MB Elige el sector\/industria de tu proyecto Automotriz Inyecci\u00f3n de pl\u00e1stico Aeron\u00e1utica Salud Cer\u00e1mica [...]","protected":false},"author":1,"featured_media":0,"parent":0,"menu_order":0,"comment_status":"closed","ping_status":"closed","template":"","meta":{"footnotes":""},"yoast_head":"<!-- This site is optimized with the Yoast SEO plugin v21.5 - https:\/\/yoast.com\/wordpress\/plugins\/seo\/ -->\n<title>Dise\u00f1o y\/o Ingenier\u00eda bajo demanda. &#8211; Impresi\u00f3n 3D M\u00e9xico<\/title>\n<meta name=\"robots\" content=\"index, follow, max-snippet:-1, max-image-preview:large, max-video-preview:-1\" \/>\n<link rel=\"canonical\" href=\"https:\/\/impresion3d.mx\/en\/cad\/\" \/>\n<meta property=\"og:locale\" content=\"en_US\" \/>\n<meta property=\"og:type\" content=\"article\" \/>\n<meta property=\"og:title\" content=\"Dise\u00f1o y\/o Ingenier\u00eda bajo demanda. &#8211; Impresi\u00f3n 3D M\u00e9xico\" \/>\n<meta property=\"og:url\" content=\"https:\/\/impresion3d.mx\/en\/cad\/\" \/>\n<meta property=\"og:site_name\" content=\"Impresi\u00f3n 3D M\u00e9xico\" \/>\n<meta property=\"article:publisher\" content=\"https:\/\/facebook.com\/impresion3d.mx\" \/>\n<meta property=\"article:modified_time\" content=\"2019-12-09T07:21:21+00:00\" \/>\n<meta name=\"twitter:card\" content=\"summary_large_image\" \/>\n<meta name=\"twitter:site\" content=\"@impresion3d_mx\" \/>\n<script type=\"application\/ld+json\" class=\"yoast-schema-graph\">{\"@context\":\"https:\/\/schema.org\",\"@graph\":[{\"@type\":\"WebPage\",\"@id\":\"https:\/\/impresion3d.mx\/es_mx\/cad\/\",\"url\":\"https:\/\/impresion3d.mx\/es_mx\/cad\/\",\"name\":\"Dise\u00f1o y\/o Ingenier\u00eda bajo demanda. &#8211; Impresi\u00f3n 3D M\u00e9xico\",\"isPartOf\":{\"@id\":\"https:\/\/impresion3d.mx\/en\/#website\"},\"datePublished\":\"2019-12-09T07:20:33+00:00\",\"dateModified\":\"2019-12-09T07:21:21+00:00\",\"breadcrumb\":{\"@id\":\"https:\/\/impresion3d.mx\/es_mx\/cad\/#breadcrumb\"},\"inLanguage\":\"en-US\",\"potentialAction\":[{\"@type\":\"ReadAction\",\"target\":[\"https:\/\/impresion3d.mx\/es_mx\/cad\/\"]}]},{\"@type\":\"BreadcrumbList\",\"@id\":\"https:\/\/impresion3d.mx\/es_mx\/cad\/#breadcrumb\",\"itemListElement\":[{\"@type\":\"ListItem\",\"position\":1,\"name\":\"Home\",\"item\":\"https:\/\/impresion3d.mx\/en\/\"},{\"@type\":\"ListItem\",\"position\":2,\"name\":\"Dise\u00f1o y\/o Ingenier\u00eda bajo demanda.\"}]},{\"@type\":\"WebSite\",\"@id\":\"https:\/\/impresion3d.mx\/en\/#website\",\"url\":\"https:\/\/impresion3d.mx\/en\/\",\"name\":\"Impresi\u00f3n 3D M\u00e9xico\",\"description\":\"\",\"publisher\":{\"@id\":\"https:\/\/impresion3d.mx\/en\/#organization\"},\"potentialAction\":[{\"@type\":\"SearchAction\",\"target\":{\"@type\":\"EntryPoint\",\"urlTemplate\":\"https:\/\/impresion3d.mx\/en\/?s={search_term_string}\"},\"query-input\":\"required name=search_term_string\"}],\"inLanguage\":\"en-US\"},{\"@type\":\"Organization\",\"@id\":\"https:\/\/impresion3d.mx\/en\/#organization\",\"name\":\"Impresi\u00f3n 3D M\u00e9xico\",\"url\":\"https:\/\/impresion3d.mx\/en\/\",\"logo\":{\"@type\":\"ImageObject\",\"inLanguage\":\"en-US\",\"@id\":\"https:\/\/impresion3d.mx\/en\/#\/schema\/logo\/image\/\",\"url\":\"https:\/\/impresion3d.mx\/wp-content\/uploads\/2018\/09\/impresion3d.png\",\"contentUrl\":\"https:\/\/impresion3d.mx\/wp-content\/uploads\/2018\/09\/impresion3d.png\",\"width\":1027,\"height\":1040,\"caption\":\"Impresi\u00f3n 3D M\u00e9xico\"},\"image\":{\"@id\":\"https:\/\/impresion3d.mx\/en\/#\/schema\/logo\/image\/\"},\"sameAs\":[\"https:\/\/facebook.com\/impresion3d.mx\",\"https:\/\/twitter.com\/impresion3d_mx\",\"https:\/\/instagram.com\/impresion3d.mx\",\"https:\/\/www.linkedin.com\/company\/impresion3dmx\"]}]}<\/script>\n<!-- \/ Yoast SEO plugin. -->","yoast_head_json":{"title":"Dise\u00f1o y\/o Ingenier\u00eda bajo demanda. &#8211; Impresi\u00f3n 3D M\u00e9xico","robots":{"index":"index","follow":"follow","max-snippet":"max-snippet:-1","max-image-preview":"max-image-preview:large","max-video-preview":"max-video-preview:-1"},"canonical":"https:\/\/impresion3d.mx\/en\/cad\/","og_locale":"en_US","og_type":"article","og_title":"Dise\u00f1o y\/o Ingenier\u00eda bajo demanda. &#8211; Impresi\u00f3n 3D M\u00e9xico","og_url":"https:\/\/impresion3d.mx\/en\/cad\/","og_site_name":"Impresi\u00f3n 3D M\u00e9xico","article_publisher":"https:\/\/facebook.com\/impresion3d.mx","article_modified_time":"2019-12-09T07:21:21+00:00","twitter_card":"summary_large_image","twitter_site":"@impresion3d_mx","schema":{"@context":"https:\/\/schema.org","@graph":[{"@type":"WebPage","@id":"https:\/\/impresion3d.mx\/es_mx\/cad\/","url":"https:\/\/impresion3d.mx\/es_mx\/cad\/","name":"Dise\u00f1o y\/o Ingenier\u00eda bajo demanda. &#8211; Impresi\u00f3n 3D M\u00e9xico","isPartOf":{"@id":"https:\/\/impresion3d.mx\/en\/#website"},"datePublished":"2019-12-09T07:20:33+00:00","dateModified":"2019-12-09T07:21:21+00:00","breadcrumb":{"@id":"https:\/\/impresion3d.mx\/es_mx\/cad\/#breadcrumb"},"inLanguage":"en-US","potentialAction":[{"@type":"ReadAction","target":["https:\/\/impresion3d.mx\/es_mx\/cad\/"]}]},{"@type":"BreadcrumbList","@id":"https:\/\/impresion3d.mx\/es_mx\/cad\/#breadcrumb","itemListElement":[{"@type":"ListItem","position":1,"name":"Home","item":"https:\/\/impresion3d.mx\/en\/"},{"@type":"ListItem","position":2,"name":"Dise\u00f1o y\/o Ingenier\u00eda bajo demanda."}]},{"@type":"WebSite","@id":"https:\/\/impresion3d.mx\/en\/#website","url":"https:\/\/impresion3d.mx\/en\/","name":"Impresi\u00f3n 3D M\u00e9xico","description":"","publisher":{"@id":"https:\/\/impresion3d.mx\/en\/#organization"},"potentialAction":[{"@type":"SearchAction","target":{"@type":"EntryPoint","urlTemplate":"https:\/\/impresion3d.mx\/en\/?s={search_term_string}"},"query-input":"required name=search_term_string"}],"inLanguage":"en-US"},{"@type":"Organization","@id":"https:\/\/impresion3d.mx\/en\/#organization","name":"Impresi\u00f3n 3D M\u00e9xico","url":"https:\/\/impresion3d.mx\/en\/","logo":{"@type":"ImageObject","inLanguage":"en-US","@id":"https:\/\/impresion3d.mx\/en\/#\/schema\/logo\/image\/","url":"https:\/\/impresion3d.mx\/wp-content\/uploads\/2018\/09\/impresion3d.png","contentUrl":"https:\/\/impresion3d.mx\/wp-content\/uploads\/2018\/09\/impresion3d.png","width":1027,"height":1040,"caption":"Impresi\u00f3n 3D M\u00e9xico"},"image":{"@id":"https:\/\/impresion3d.mx\/en\/#\/schema\/logo\/image\/"},"sameAs":["https:\/\/facebook.com\/impresion3d.mx","https:\/\/twitter.com\/impresion3d_mx","https:\/\/instagram.com\/impresion3d.mx","https:\/\/www.linkedin.com\/company\/impresion3dmx"]}]}},"_links":{"self":[{"href":"https:\/\/impresion3d.mx\/en\/wp-json\/wp\/v2\/pages\/2800"}],"collection":[{"href":"https:\/\/impresion3d.mx\/en\/wp-json\/wp\/v2\/pages"}],"about":[{"href":"https:\/\/impresion3d.mx\/en\/wp-json\/wp\/v2\/types\/page"}],"author":[{"embeddable":true,"href":"https:\/\/impresion3d.mx\/en\/wp-json\/wp\/v2\/users\/1"}],"replies":[{"embeddable":true,"href":"https:\/\/impresion3d.mx\/en\/wp-json\/wp\/v2\/comments?post=2800"}],"version-history":[{"count":1,"href":"https:\/\/impresion3d.mx\/en\/wp-json\/wp\/v2\/pages\/2800\/revisions"}],"predecessor-version":[{"id":4749,"href":"https:\/\/impresion3d.mx\/en\/wp-json\/wp\/v2\/pages\/2800\/revisions\/4749"}],"wp:attachment":[{"href":"https:\/\/impresion3d.mx\/en\/wp-json\/wp\/v2\/media?parent=2800"}],"curies":[{"name":"wp","href":"https:\/\/api.w.org\/{rel}","templated":true}]}}