{"id":3106,"date":"2020-07-15T21:31:09","date_gmt":"2020-07-15T21:31:09","guid":{"rendered":"https:\/\/impresion3d.mx\/?post_type=product&#038;p=3106"},"modified":"2021-11-17T00:06:17","modified_gmt":"2021-11-17T06:06:17","slug":"mk52","status":"publish","type":"product","link":"https:\/\/impresion3d.mx\/en\/product\/mk52\/","title":{"rendered":"Cama Caliente Magn\u00e9tica MK52 12V Gen\u00e9rica"},"content":{"rendered":"","protected":false},"excerpt":{"rendered":"<p><strong>Marca:<\/strong> Gen\u00e9rica.<br \/>\nCompatible con tarjeta de control rambo 1.3a<\/p>\n<p><strong>Incluye:<\/strong><\/p>\n<ul>\n<li>Cama caliente MK52 (conexi\u00f3n por terminales de tornillo).<\/li>\n<li>Espaciadores.<\/li>\n<li>Cable con terminales de tornillo y cil\u00edndricas.<\/li>\n<li>Protector de terminales (impreso en 3D)<\/li>\n<li>Tornillos para el protector.<\/li>\n<\/ul>\n<p><em><strong>Notas importantes:<\/strong><\/em><em><br \/>\n<\/em><em>No incluye la superficie de impresi\u00f3n presente en el <a href=\"https:\/\/impresion3d.mx\/en\/product\/kit-mk52\/\">kit<\/a>.<br \/>\nNo incluye la <a href=\"https:\/\/impresion3d.mx\/en\/product\/terminal-rambo\/\">terminal<\/a> hacia la tarjeta de control.<\/em><\/p>\n<h3><strong>$1099.00<\/strong><\/h3>","protected":false},"featured_media":0,"comment_status":"open","ping_status":"closed","template":"","meta":[],"product_cat":[204,203],"product_tag":[205,208,207,206],"yoast_head":"<!-- This site is optimized with the Yoast SEO plugin v21.5 - https:\/\/yoast.com\/wordpress\/plugins\/seo\/ -->\n<title>Cama Caliente Magn\u00e9tica MK52 12V Gen\u00e9rica &#8211; Impresi\u00f3n 3D M\u00e9xico<\/title>\n<meta name=\"robots\" content=\"index, follow, max-snippet:-1, max-image-preview:large, max-video-preview:-1\" \/>\n<link rel=\"canonical\" href=\"https:\/\/impresion3d.mx\/en\/product\/mk52\/\" \/>\n<meta property=\"og:locale\" content=\"en_US\" \/>\n<meta property=\"og:type\" content=\"article\" \/>\n<meta property=\"og:title\" content=\"Cama Caliente Magn\u00e9tica MK52 12V Gen\u00e9rica &#8211; Impresi\u00f3n 3D M\u00e9xico\" \/>\n<meta property=\"og:description\" content=\"Marca: Gen\u00e9rica. Compatible con tarjeta de control rambo 1.3a  Incluye:   Cama caliente MK52 (conexi\u00f3n por terminales de tornillo).  Espaciadores.  Cable con terminales de tornillo y cil\u00edndricas.  Protector de terminales (impreso en 3D)  Tornillos para el protector.  Notas importantes: No incluye la superficie de impresi\u00f3n presente en el kit. No incluye la terminal hacia la tarjeta de control. $1099.00\" \/>\n<meta property=\"og:url\" content=\"https:\/\/impresion3d.mx\/en\/product\/mk52\/\" \/>\n<meta property=\"og:site_name\" content=\"Impresi\u00f3n 3D M\u00e9xico\" \/>\n<meta property=\"article:publisher\" content=\"https:\/\/facebook.com\/impresion3d.mx\" \/>\n<meta property=\"article:modified_time\" content=\"2021-11-17T06:06:17+00:00\" \/>\n<meta property=\"og:image\" content=\"https:\/\/impresion3d.mx\/wp-content\/uploads\/2020\/07\/IMG_4709-scaled.jpg\" \/>\n\t<meta property=\"og:image:width\" content=\"2560\" \/>\n\t<meta property=\"og:image:height\" content=\"2560\" \/>\n\t<meta property=\"og:image:type\" content=\"image\/jpeg\" \/>\n<meta name=\"twitter:card\" content=\"summary_large_image\" \/>\n<meta name=\"twitter:site\" content=\"@impresion3d_mx\" \/>\n<script type=\"application\/ld+json\" class=\"yoast-schema-graph\">{\"@context\":\"https:\/\/schema.org\",\"@graph\":[{\"@type\":\"WebPage\",\"@id\":\"https:\/\/impresion3d.mx\/es_mx\/product\/mk52\/\",\"url\":\"https:\/\/impresion3d.mx\/es_mx\/product\/mk52\/\",\"name\":\"Cama Caliente Magn\u00e9tica MK52 12V Gen\u00e9rica &#8211; Impresi\u00f3n 3D M\u00e9xico\",\"isPartOf\":{\"@id\":\"https:\/\/impresion3d.mx\/en\/#website\"},\"datePublished\":\"2020-07-15T21:31:09+00:00\",\"dateModified\":\"2021-11-17T06:06:17+00:00\",\"breadcrumb\":{\"@id\":\"https:\/\/impresion3d.mx\/es_mx\/product\/mk52\/#breadcrumb\"},\"inLanguage\":\"en-US\",\"potentialAction\":[{\"@type\":\"ReadAction\",\"target\":[\"https:\/\/impresion3d.mx\/es_mx\/product\/mk52\/\"]}]},{\"@type\":\"BreadcrumbList\",\"@id\":\"https:\/\/impresion3d.mx\/es_mx\/product\/mk52\/#breadcrumb\",\"itemListElement\":[{\"@type\":\"ListItem\",\"position\":1,\"name\":\"Home\",\"item\":\"https:\/\/impresion3d.mx\/en\/\"},{\"@type\":\"ListItem\",\"position\":2,\"name\":\"Shop\",\"item\":\"https:\/\/impresion3d.mx\/es_mx\/shop\/\"},{\"@type\":\"ListItem\",\"position\":3,\"name\":\"Cama Caliente Magn\u00e9tica MK52 12V Gen\u00e9rica\"}]},{\"@type\":\"WebSite\",\"@id\":\"https:\/\/impresion3d.mx\/en\/#website\",\"url\":\"https:\/\/impresion3d.mx\/en\/\",\"name\":\"Impresi\u00f3n 3D M\u00e9xico\",\"description\":\"\",\"publisher\":{\"@id\":\"https:\/\/impresion3d.mx\/en\/#organization\"},\"potentialAction\":[{\"@type\":\"SearchAction\",\"target\":{\"@type\":\"EntryPoint\",\"urlTemplate\":\"https:\/\/impresion3d.mx\/en\/?s={search_term_string}\"},\"query-input\":\"required name=search_term_string\"}],\"inLanguage\":\"en-US\"},{\"@type\":\"Organization\",\"@id\":\"https:\/\/impresion3d.mx\/en\/#organization\",\"name\":\"Impresi\u00f3n 3D M\u00e9xico\",\"url\":\"https:\/\/impresion3d.mx\/en\/\",\"logo\":{\"@type\":\"ImageObject\",\"inLanguage\":\"en-US\",\"@id\":\"https:\/\/impresion3d.mx\/en\/#\/schema\/logo\/image\/\",\"url\":\"https:\/\/impresion3d.mx\/wp-content\/uploads\/2018\/09\/impresion3d.png\",\"contentUrl\":\"https:\/\/impresion3d.mx\/wp-content\/uploads\/2018\/09\/impresion3d.png\",\"width\":1027,\"height\":1040,\"caption\":\"Impresi\u00f3n 3D M\u00e9xico\"},\"image\":{\"@id\":\"https:\/\/impresion3d.mx\/en\/#\/schema\/logo\/image\/\"},\"sameAs\":[\"https:\/\/facebook.com\/impresion3d.mx\",\"https:\/\/twitter.com\/impresion3d_mx\",\"https:\/\/instagram.com\/impresion3d.mx\",\"https:\/\/www.linkedin.com\/company\/impresion3dmx\"]}]}<\/script>\n<!-- \/ Yoast SEO plugin. -->","yoast_head_json":{"title":"Cama Caliente Magn\u00e9tica MK52 12V Gen\u00e9rica &#8211; Impresi\u00f3n 3D M\u00e9xico","robots":{"index":"index","follow":"follow","max-snippet":"max-snippet:-1","max-image-preview":"max-image-preview:large","max-video-preview":"max-video-preview:-1"},"canonical":"https:\/\/impresion3d.mx\/en\/product\/mk52\/","og_locale":"en_US","og_type":"article","og_title":"Cama Caliente Magn\u00e9tica MK52 12V Gen\u00e9rica &#8211; Impresi\u00f3n 3D M\u00e9xico","og_description":"Marca: Gen\u00e9rica. Compatible con tarjeta de control rambo 1.3a  Incluye:   Cama caliente MK52 (conexi\u00f3n por terminales de tornillo).  Espaciadores.  Cable con terminales de tornillo y cil\u00edndricas.  Protector de terminales (impreso en 3D)  Tornillos para el protector.  Notas importantes: No incluye la superficie de impresi\u00f3n presente en el kit. No incluye la terminal hacia la tarjeta de control. $1099.00","og_url":"https:\/\/impresion3d.mx\/en\/product\/mk52\/","og_site_name":"Impresi\u00f3n 3D M\u00e9xico","article_publisher":"https:\/\/facebook.com\/impresion3d.mx","article_modified_time":"2021-11-17T06:06:17+00:00","og_image":[{"width":2560,"height":2560,"url":"https:\/\/impresion3d.mx\/wp-content\/uploads\/2020\/07\/IMG_4709-scaled.jpg","type":"image\/jpeg"}],"twitter_card":"summary_large_image","twitter_site":"@impresion3d_mx","schema":{"@context":"https:\/\/schema.org","@graph":[{"@type":"WebPage","@id":"https:\/\/impresion3d.mx\/es_mx\/product\/mk52\/","url":"https:\/\/impresion3d.mx\/es_mx\/product\/mk52\/","name":"Cama Caliente Magn\u00e9tica MK52 12V Gen\u00e9rica &#8211; Impresi\u00f3n 3D M\u00e9xico","isPartOf":{"@id":"https:\/\/impresion3d.mx\/en\/#website"},"datePublished":"2020-07-15T21:31:09+00:00","dateModified":"2021-11-17T06:06:17+00:00","breadcrumb":{"@id":"https:\/\/impresion3d.mx\/es_mx\/product\/mk52\/#breadcrumb"},"inLanguage":"en-US","potentialAction":[{"@type":"ReadAction","target":["https:\/\/impresion3d.mx\/es_mx\/product\/mk52\/"]}]},{"@type":"BreadcrumbList","@id":"https:\/\/impresion3d.mx\/es_mx\/product\/mk52\/#breadcrumb","itemListElement":[{"@type":"ListItem","position":1,"name":"Home","item":"https:\/\/impresion3d.mx\/en\/"},{"@type":"ListItem","position":2,"name":"Shop","item":"https:\/\/impresion3d.mx\/es_mx\/shop\/"},{"@type":"ListItem","position":3,"name":"Cama Caliente Magn\u00e9tica MK52 12V Gen\u00e9rica"}]},{"@type":"WebSite","@id":"https:\/\/impresion3d.mx\/en\/#website","url":"https:\/\/impresion3d.mx\/en\/","name":"Impresi\u00f3n 3D M\u00e9xico","description":"","publisher":{"@id":"https:\/\/impresion3d.mx\/en\/#organization"},"potentialAction":[{"@type":"SearchAction","target":{"@type":"EntryPoint","urlTemplate":"https:\/\/impresion3d.mx\/en\/?s={search_term_string}"},"query-input":"required name=search_term_string"}],"inLanguage":"en-US"},{"@type":"Organization","@id":"https:\/\/impresion3d.mx\/en\/#organization","name":"Impresi\u00f3n 3D M\u00e9xico","url":"https:\/\/impresion3d.mx\/en\/","logo":{"@type":"ImageObject","inLanguage":"en-US","@id":"https:\/\/impresion3d.mx\/en\/#\/schema\/logo\/image\/","url":"https:\/\/impresion3d.mx\/wp-content\/uploads\/2018\/09\/impresion3d.png","contentUrl":"https:\/\/impresion3d.mx\/wp-content\/uploads\/2018\/09\/impresion3d.png","width":1027,"height":1040,"caption":"Impresi\u00f3n 3D M\u00e9xico"},"image":{"@id":"https:\/\/impresion3d.mx\/en\/#\/schema\/logo\/image\/"},"sameAs":["https:\/\/facebook.com\/impresion3d.mx","https:\/\/twitter.com\/impresion3d_mx","https:\/\/instagram.com\/impresion3d.mx","https:\/\/www.linkedin.com\/company\/impresion3dmx"]}]}},"_links":{"self":[{"href":"https:\/\/impresion3d.mx\/en\/wp-json\/wp\/v2\/product\/3106"}],"collection":[{"href":"https:\/\/impresion3d.mx\/en\/wp-json\/wp\/v2\/product"}],"about":[{"href":"https:\/\/impresion3d.mx\/en\/wp-json\/wp\/v2\/types\/product"}],"replies":[{"embeddable":true,"href":"https:\/\/impresion3d.mx\/en\/wp-json\/wp\/v2\/comments?post=3106"}],"wp:attachment":[{"href":"https:\/\/impresion3d.mx\/en\/wp-json\/wp\/v2\/media?parent=3106"}],"wp:term":[{"taxonomy":"product_cat","embeddable":true,"href":"https:\/\/impresion3d.mx\/en\/wp-json\/wp\/v2\/product_cat?post=3106"},{"taxonomy":"product_tag","embeddable":true,"href":"https:\/\/impresion3d.mx\/en\/wp-json\/wp\/v2\/product_tag?post=3106"}],"curies":[{"name":"wp","href":"https:\/\/api.w.org\/{rel}","templated":true}]}}