{"id":4875,"date":"2021-09-01T17:14:05","date_gmt":"2021-09-01T22:14:05","guid":{"rendered":"https:\/\/impresion3d.mx\/?post_type=product&#038;p=4875"},"modified":"2023-11-06T18:46:33","modified_gmt":"2023-11-07T00:46:33","slug":"juguetes-mexicanos","status":"publish","type":"product","link":"https:\/\/impresion3d.mx\/en\/product\/juguetes-mexicanos\/","title":{"rendered":"Juguetes Mexicanos"},"content":{"rendered":"","protected":false},"excerpt":{"rendered":"<p><strong>Nombre:<\/strong> Juguetes Mexicanos<br \/>\n<strong>Dise\u00f1o por:<\/strong> <a href=\"https:\/\/impresion3d.mx\/en\/tienda\/ingeniarte\/\">ingeniarte.mx<\/a><br \/>\n<strong>Licencia:<\/strong> <a href=\"https:\/\/impresion3d.mx\/en\/creative-commons\/\">Creative Commons<\/a> &#8211; Atribuci\u00f3n &#8211; 4.0<br \/>\n<strong>Descarga Gratis:<\/strong> <a href=\"https:\/\/impresion3d.mx\/wp-content\/uploads\/2019\/03\/Juguetes-Mexicanos.zip\">AQU\u00cd<\/a><\/p>","protected":false},"featured_media":4877,"comment_status":"open","ping_status":"closed","template":"","meta":[],"product_cat":[456,95,457],"product_tag":[],"yoast_head":"<!-- This site is optimized with the Yoast SEO plugin v21.5 - https:\/\/yoast.com\/wordpress\/plugins\/seo\/ -->\n<title>Juguetes Mexicanos &#8211; Impresi\u00f3n 3D M\u00e9xico<\/title>\n<meta name=\"robots\" content=\"index, follow, max-snippet:-1, max-image-preview:large, max-video-preview:-1\" \/>\n<link rel=\"canonical\" href=\"https:\/\/impresion3d.mx\/en\/product\/juguetes-mexicanos\/\" \/>\n<meta property=\"og:locale\" content=\"en_US\" \/>\n<meta property=\"og:type\" content=\"article\" \/>\n<meta property=\"og:title\" content=\"Juguetes Mexicanos &#8211; Impresi\u00f3n 3D M\u00e9xico\" \/>\n<meta property=\"og:description\" content=\"Nombre: Juguetes Mexicanos Dise\u00f1o por: ingeniarte.mx Licencia: Creative Commons - Atribuci\u00f3n - 4.0 Descarga Gratis: AQU\u00cd\" \/>\n<meta property=\"og:url\" content=\"https:\/\/impresion3d.mx\/en\/product\/juguetes-mexicanos\/\" \/>\n<meta property=\"og:site_name\" content=\"Impresi\u00f3n 3D M\u00e9xico\" \/>\n<meta property=\"article:publisher\" content=\"https:\/\/facebook.com\/impresion3d.mx\" \/>\n<meta property=\"article:modified_time\" content=\"2023-11-07T00:46:33+00:00\" \/>\n<meta property=\"og:image\" content=\"https:\/\/impresion3d.mx\/wp-content\/uploads\/2021\/09\/EC710261-9C1C-4F98-98C3-8F3142E49F42.jpg\" \/>\n\t<meta property=\"og:image:width\" content=\"1125\" \/>\n\t<meta property=\"og:image:height\" content=\"1125\" \/>\n\t<meta property=\"og:image:type\" content=\"image\/jpeg\" \/>\n<meta name=\"twitter:card\" content=\"summary_large_image\" \/>\n<meta name=\"twitter:site\" content=\"@impresion3d_mx\" \/>\n<script type=\"application\/ld+json\" class=\"yoast-schema-graph\">{\"@context\":\"https:\/\/schema.org\",\"@graph\":[{\"@type\":\"WebPage\",\"@id\":\"https:\/\/impresion3d.mx\/product\/juguetes-mexicanos\/\",\"url\":\"https:\/\/impresion3d.mx\/product\/juguetes-mexicanos\/\",\"name\":\"Juguetes Mexicanos &#8211; Impresi\u00f3n 3D M\u00e9xico\",\"isPartOf\":{\"@id\":\"https:\/\/impresion3d.mx\/en\/#website\"},\"datePublished\":\"2021-09-01T22:14:05+00:00\",\"dateModified\":\"2023-11-07T00:46:33+00:00\",\"breadcrumb\":{\"@id\":\"https:\/\/impresion3d.mx\/product\/juguetes-mexicanos\/#breadcrumb\"},\"inLanguage\":\"en-US\",\"potentialAction\":[{\"@type\":\"ReadAction\",\"target\":[\"https:\/\/impresion3d.mx\/product\/juguetes-mexicanos\/\"]}]},{\"@type\":\"BreadcrumbList\",\"@id\":\"https:\/\/impresion3d.mx\/product\/juguetes-mexicanos\/#breadcrumb\",\"itemListElement\":[{\"@type\":\"ListItem\",\"position\":1,\"name\":\"Home\",\"item\":\"https:\/\/impresion3d.mx\/en\/\"},{\"@type\":\"ListItem\",\"position\":2,\"name\":\"Shop\",\"item\":\"https:\/\/impresion3d.mx\/es_mx\/shop\/\"},{\"@type\":\"ListItem\",\"position\":3,\"name\":\"Juguetes Mexicanos\"}]},{\"@type\":\"WebSite\",\"@id\":\"https:\/\/impresion3d.mx\/en\/#website\",\"url\":\"https:\/\/impresion3d.mx\/en\/\",\"name\":\"Impresi\u00f3n 3D M\u00e9xico\",\"description\":\"\",\"publisher\":{\"@id\":\"https:\/\/impresion3d.mx\/en\/#organization\"},\"potentialAction\":[{\"@type\":\"SearchAction\",\"target\":{\"@type\":\"EntryPoint\",\"urlTemplate\":\"https:\/\/impresion3d.mx\/en\/?s={search_term_string}\"},\"query-input\":\"required name=search_term_string\"}],\"inLanguage\":\"en-US\"},{\"@type\":\"Organization\",\"@id\":\"https:\/\/impresion3d.mx\/en\/#organization\",\"name\":\"Impresi\u00f3n 3D M\u00e9xico\",\"url\":\"https:\/\/impresion3d.mx\/en\/\",\"logo\":{\"@type\":\"ImageObject\",\"inLanguage\":\"en-US\",\"@id\":\"https:\/\/impresion3d.mx\/en\/#\/schema\/logo\/image\/\",\"url\":\"https:\/\/impresion3d.mx\/wp-content\/uploads\/2018\/09\/impresion3d.png\",\"contentUrl\":\"https:\/\/impresion3d.mx\/wp-content\/uploads\/2018\/09\/impresion3d.png\",\"width\":1027,\"height\":1040,\"caption\":\"Impresi\u00f3n 3D M\u00e9xico\"},\"image\":{\"@id\":\"https:\/\/impresion3d.mx\/en\/#\/schema\/logo\/image\/\"},\"sameAs\":[\"https:\/\/facebook.com\/impresion3d.mx\",\"https:\/\/twitter.com\/impresion3d_mx\",\"https:\/\/instagram.com\/impresion3d.mx\",\"https:\/\/www.linkedin.com\/company\/impresion3dmx\"]}]}<\/script>\n<!-- \/ Yoast SEO plugin. -->","yoast_head_json":{"title":"Juguetes Mexicanos &#8211; Impresi\u00f3n 3D M\u00e9xico","robots":{"index":"index","follow":"follow","max-snippet":"max-snippet:-1","max-image-preview":"max-image-preview:large","max-video-preview":"max-video-preview:-1"},"canonical":"https:\/\/impresion3d.mx\/en\/product\/juguetes-mexicanos\/","og_locale":"en_US","og_type":"article","og_title":"Juguetes Mexicanos &#8211; Impresi\u00f3n 3D M\u00e9xico","og_description":"Nombre: Juguetes Mexicanos Dise\u00f1o por: ingeniarte.mx Licencia: Creative Commons - Atribuci\u00f3n - 4.0 Descarga Gratis: AQU\u00cd","og_url":"https:\/\/impresion3d.mx\/en\/product\/juguetes-mexicanos\/","og_site_name":"Impresi\u00f3n 3D M\u00e9xico","article_publisher":"https:\/\/facebook.com\/impresion3d.mx","article_modified_time":"2023-11-07T00:46:33+00:00","og_image":[{"width":1125,"height":1125,"url":"https:\/\/impresion3d.mx\/wp-content\/uploads\/2021\/09\/EC710261-9C1C-4F98-98C3-8F3142E49F42.jpg","type":"image\/jpeg"}],"twitter_card":"summary_large_image","twitter_site":"@impresion3d_mx","schema":{"@context":"https:\/\/schema.org","@graph":[{"@type":"WebPage","@id":"https:\/\/impresion3d.mx\/product\/juguetes-mexicanos\/","url":"https:\/\/impresion3d.mx\/product\/juguetes-mexicanos\/","name":"Juguetes Mexicanos &#8211; Impresi\u00f3n 3D M\u00e9xico","isPartOf":{"@id":"https:\/\/impresion3d.mx\/en\/#website"},"datePublished":"2021-09-01T22:14:05+00:00","dateModified":"2023-11-07T00:46:33+00:00","breadcrumb":{"@id":"https:\/\/impresion3d.mx\/product\/juguetes-mexicanos\/#breadcrumb"},"inLanguage":"en-US","potentialAction":[{"@type":"ReadAction","target":["https:\/\/impresion3d.mx\/product\/juguetes-mexicanos\/"]}]},{"@type":"BreadcrumbList","@id":"https:\/\/impresion3d.mx\/product\/juguetes-mexicanos\/#breadcrumb","itemListElement":[{"@type":"ListItem","position":1,"name":"Home","item":"https:\/\/impresion3d.mx\/en\/"},{"@type":"ListItem","position":2,"name":"Shop","item":"https:\/\/impresion3d.mx\/es_mx\/shop\/"},{"@type":"ListItem","position":3,"name":"Juguetes Mexicanos"}]},{"@type":"WebSite","@id":"https:\/\/impresion3d.mx\/en\/#website","url":"https:\/\/impresion3d.mx\/en\/","name":"Impresi\u00f3n 3D M\u00e9xico","description":"","publisher":{"@id":"https:\/\/impresion3d.mx\/en\/#organization"},"potentialAction":[{"@type":"SearchAction","target":{"@type":"EntryPoint","urlTemplate":"https:\/\/impresion3d.mx\/en\/?s={search_term_string}"},"query-input":"required name=search_term_string"}],"inLanguage":"en-US"},{"@type":"Organization","@id":"https:\/\/impresion3d.mx\/en\/#organization","name":"Impresi\u00f3n 3D M\u00e9xico","url":"https:\/\/impresion3d.mx\/en\/","logo":{"@type":"ImageObject","inLanguage":"en-US","@id":"https:\/\/impresion3d.mx\/en\/#\/schema\/logo\/image\/","url":"https:\/\/impresion3d.mx\/wp-content\/uploads\/2018\/09\/impresion3d.png","contentUrl":"https:\/\/impresion3d.mx\/wp-content\/uploads\/2018\/09\/impresion3d.png","width":1027,"height":1040,"caption":"Impresi\u00f3n 3D M\u00e9xico"},"image":{"@id":"https:\/\/impresion3d.mx\/en\/#\/schema\/logo\/image\/"},"sameAs":["https:\/\/facebook.com\/impresion3d.mx","https:\/\/twitter.com\/impresion3d_mx","https:\/\/instagram.com\/impresion3d.mx","https:\/\/www.linkedin.com\/company\/impresion3dmx"]}]}},"_links":{"self":[{"href":"https:\/\/impresion3d.mx\/en\/wp-json\/wp\/v2\/product\/4875"}],"collection":[{"href":"https:\/\/impresion3d.mx\/en\/wp-json\/wp\/v2\/product"}],"about":[{"href":"https:\/\/impresion3d.mx\/en\/wp-json\/wp\/v2\/types\/product"}],"replies":[{"embeddable":true,"href":"https:\/\/impresion3d.mx\/en\/wp-json\/wp\/v2\/comments?post=4875"}],"wp:featuredmedia":[{"embeddable":true,"href":"https:\/\/impresion3d.mx\/en\/wp-json\/wp\/v2\/media\/4877"}],"wp:attachment":[{"href":"https:\/\/impresion3d.mx\/en\/wp-json\/wp\/v2\/media?parent=4875"}],"wp:term":[{"taxonomy":"product_cat","embeddable":true,"href":"https:\/\/impresion3d.mx\/en\/wp-json\/wp\/v2\/product_cat?post=4875"},{"taxonomy":"product_tag","embeddable":true,"href":"https:\/\/impresion3d.mx\/en\/wp-json\/wp\/v2\/product_tag?post=4875"}],"curies":[{"name":"wp","href":"https:\/\/api.w.org\/{rel}","templated":true}]}}