{"id":2626,"date":"2019-02-06T09:18:26","date_gmt":"2019-02-06T09:18:26","guid":{"rendered":"https:\/\/impresion3d.mx\/?page_id=2626"},"modified":"2019-10-16T16:17:27","modified_gmt":"2019-10-16T16:17:27","slug":"registro-de-disenador","status":"publish","type":"page","link":"https:\/\/impresion3d.mx\/es_mx\/registro-de-disenador\/","title":{"rendered":"Inscr\u00edbete como dise\u00f1ador."},"content":{"rendered":"<div class=\"members-access-error\">Para continuar, es necesario que <a href=\"https:\/\/impresion3d.mx\/my-account\/\">inicies sesi\u00f3n<\/a>.<\/div>\n","protected":false},"excerpt":{"rendered":"<div class=\"members-access-error\">Para continuar, es necesario que <a href=\"https:\/\/impresion3d.mx\/my-account\/\">inicies sesi\u00f3n<\/a>.<\/div>\n","protected":false},"author":1,"featured_media":0,"parent":0,"menu_order":0,"comment_status":"closed","ping_status":"closed","template":"","meta":{"footnotes":""},"yoast_head":"<!-- This site is optimized with the Yoast SEO plugin v21.5 - https:\/\/yoast.com\/wordpress\/plugins\/seo\/ -->\n<title>Inscr\u00edbete como dise\u00f1ador. &#8211; Impresi\u00f3n 3D M\u00e9xico<\/title>\n<meta name=\"robots\" content=\"index, follow, max-snippet:-1, max-image-preview:large, max-video-preview:-1\" \/>\n<link rel=\"canonical\" href=\"https:\/\/impresion3d.mx\/es_mx\/registro-de-disenador\/\" \/>\n<meta property=\"og:locale\" content=\"es_MX\" \/>\n<meta property=\"og:type\" content=\"article\" \/>\n<meta property=\"og:title\" content=\"Inscr\u00edbete como dise\u00f1ador. &#8211; Impresi\u00f3n 3D M\u00e9xico\" \/>\n<meta property=\"og:description\" content=\"Para continuar, es necesario que inicies sesi\u00f3n.\" \/>\n<meta property=\"og:url\" content=\"https:\/\/impresion3d.mx\/es_mx\/registro-de-disenador\/\" \/>\n<meta property=\"og:site_name\" content=\"Impresi\u00f3n 3D M\u00e9xico\" \/>\n<meta property=\"article:publisher\" content=\"https:\/\/facebook.com\/impresion3d.mx\" \/>\n<meta property=\"article:modified_time\" content=\"2019-10-16T16:17:27+00:00\" \/>\n<meta name=\"twitter:card\" content=\"summary_large_image\" \/>\n<meta name=\"twitter:site\" content=\"@impresion3d_mx\" \/>\n<script type=\"application\/ld+json\" class=\"yoast-schema-graph\">{\"@context\":\"https:\/\/schema.org\",\"@graph\":[{\"@type\":\"WebPage\",\"@id\":\"https:\/\/impresion3d.mx\/en\/registro-de-disenador\/\",\"url\":\"https:\/\/impresion3d.mx\/en\/registro-de-disenador\/\",\"name\":\"Inscr\u00edbete como dise\u00f1ador. &#8211; Impresi\u00f3n 3D M\u00e9xico\",\"isPartOf\":{\"@id\":\"https:\/\/impresion3d.mx\/en\/#website\"},\"datePublished\":\"2019-02-06T09:18:26+00:00\",\"dateModified\":\"2019-10-16T16:17:27+00:00\",\"breadcrumb\":{\"@id\":\"https:\/\/impresion3d.mx\/en\/registro-de-disenador\/#breadcrumb\"},\"inLanguage\":\"es-MX\",\"potentialAction\":[{\"@type\":\"ReadAction\",\"target\":[\"https:\/\/impresion3d.mx\/en\/registro-de-disenador\/\"]}]},{\"@type\":\"BreadcrumbList\",\"@id\":\"https:\/\/impresion3d.mx\/en\/registro-de-disenador\/#breadcrumb\",\"itemListElement\":[{\"@type\":\"ListItem\",\"position\":1,\"name\":\"Home\",\"item\":\"https:\/\/impresion3d.mx\/en\/\"},{\"@type\":\"ListItem\",\"position\":2,\"name\":\"Inscr\u00edbete como dise\u00f1ador.\"}]},{\"@type\":\"WebSite\",\"@id\":\"https:\/\/impresion3d.mx\/en\/#website\",\"url\":\"https:\/\/impresion3d.mx\/en\/\",\"name\":\"Impresi\u00f3n 3D M\u00e9xico\",\"description\":\"\",\"publisher\":{\"@id\":\"https:\/\/impresion3d.mx\/en\/#organization\"},\"potentialAction\":[{\"@type\":\"SearchAction\",\"target\":{\"@type\":\"EntryPoint\",\"urlTemplate\":\"https:\/\/impresion3d.mx\/en\/?s={search_term_string}\"},\"query-input\":\"required name=search_term_string\"}],\"inLanguage\":\"es-MX\"},{\"@type\":\"Organization\",\"@id\":\"https:\/\/impresion3d.mx\/en\/#organization\",\"name\":\"Impresi\u00f3n 3D M\u00e9xico\",\"url\":\"https:\/\/impresion3d.mx\/en\/\",\"logo\":{\"@type\":\"ImageObject\",\"inLanguage\":\"es-MX\",\"@id\":\"https:\/\/impresion3d.mx\/en\/#\/schema\/logo\/image\/\",\"url\":\"https:\/\/impresion3d.mx\/wp-content\/uploads\/2018\/09\/impresion3d.png\",\"contentUrl\":\"https:\/\/impresion3d.mx\/wp-content\/uploads\/2018\/09\/impresion3d.png\",\"width\":1027,\"height\":1040,\"caption\":\"Impresi\u00f3n 3D M\u00e9xico\"},\"image\":{\"@id\":\"https:\/\/impresion3d.mx\/en\/#\/schema\/logo\/image\/\"},\"sameAs\":[\"https:\/\/facebook.com\/impresion3d.mx\",\"https:\/\/twitter.com\/impresion3d_mx\",\"https:\/\/instagram.com\/impresion3d.mx\",\"https:\/\/www.linkedin.com\/company\/impresion3dmx\"]}]}<\/script>\n<!-- \/ Yoast SEO plugin. -->","yoast_head_json":{"title":"Inscr\u00edbete como dise\u00f1ador. &#8211; Impresi\u00f3n 3D M\u00e9xico","robots":{"index":"index","follow":"follow","max-snippet":"max-snippet:-1","max-image-preview":"max-image-preview:large","max-video-preview":"max-video-preview:-1"},"canonical":"https:\/\/impresion3d.mx\/es_mx\/registro-de-disenador\/","og_locale":"es_MX","og_type":"article","og_title":"Inscr\u00edbete como dise\u00f1ador. &#8211; Impresi\u00f3n 3D M\u00e9xico","og_description":"Para continuar, es necesario que inicies sesi\u00f3n.","og_url":"https:\/\/impresion3d.mx\/es_mx\/registro-de-disenador\/","og_site_name":"Impresi\u00f3n 3D M\u00e9xico","article_publisher":"https:\/\/facebook.com\/impresion3d.mx","article_modified_time":"2019-10-16T16:17:27+00:00","twitter_card":"summary_large_image","twitter_site":"@impresion3d_mx","schema":{"@context":"https:\/\/schema.org","@graph":[{"@type":"WebPage","@id":"https:\/\/impresion3d.mx\/en\/registro-de-disenador\/","url":"https:\/\/impresion3d.mx\/en\/registro-de-disenador\/","name":"Inscr\u00edbete como dise\u00f1ador. &#8211; Impresi\u00f3n 3D M\u00e9xico","isPartOf":{"@id":"https:\/\/impresion3d.mx\/en\/#website"},"datePublished":"2019-02-06T09:18:26+00:00","dateModified":"2019-10-16T16:17:27+00:00","breadcrumb":{"@id":"https:\/\/impresion3d.mx\/en\/registro-de-disenador\/#breadcrumb"},"inLanguage":"es-MX","potentialAction":[{"@type":"ReadAction","target":["https:\/\/impresion3d.mx\/en\/registro-de-disenador\/"]}]},{"@type":"BreadcrumbList","@id":"https:\/\/impresion3d.mx\/en\/registro-de-disenador\/#breadcrumb","itemListElement":[{"@type":"ListItem","position":1,"name":"Home","item":"https:\/\/impresion3d.mx\/en\/"},{"@type":"ListItem","position":2,"name":"Inscr\u00edbete como dise\u00f1ador."}]},{"@type":"WebSite","@id":"https:\/\/impresion3d.mx\/en\/#website","url":"https:\/\/impresion3d.mx\/en\/","name":"Impresi\u00f3n 3D M\u00e9xico","description":"","publisher":{"@id":"https:\/\/impresion3d.mx\/en\/#organization"},"potentialAction":[{"@type":"SearchAction","target":{"@type":"EntryPoint","urlTemplate":"https:\/\/impresion3d.mx\/en\/?s={search_term_string}"},"query-input":"required name=search_term_string"}],"inLanguage":"es-MX"},{"@type":"Organization","@id":"https:\/\/impresion3d.mx\/en\/#organization","name":"Impresi\u00f3n 3D M\u00e9xico","url":"https:\/\/impresion3d.mx\/en\/","logo":{"@type":"ImageObject","inLanguage":"es-MX","@id":"https:\/\/impresion3d.mx\/en\/#\/schema\/logo\/image\/","url":"https:\/\/impresion3d.mx\/wp-content\/uploads\/2018\/09\/impresion3d.png","contentUrl":"https:\/\/impresion3d.mx\/wp-content\/uploads\/2018\/09\/impresion3d.png","width":1027,"height":1040,"caption":"Impresi\u00f3n 3D M\u00e9xico"},"image":{"@id":"https:\/\/impresion3d.mx\/en\/#\/schema\/logo\/image\/"},"sameAs":["https:\/\/facebook.com\/impresion3d.mx","https:\/\/twitter.com\/impresion3d_mx","https:\/\/instagram.com\/impresion3d.mx","https:\/\/www.linkedin.com\/company\/impresion3dmx"]}]}},"_links":{"self":[{"href":"https:\/\/impresion3d.mx\/es_mx\/wp-json\/wp\/v2\/pages\/2626"}],"collection":[{"href":"https:\/\/impresion3d.mx\/es_mx\/wp-json\/wp\/v2\/pages"}],"about":[{"href":"https:\/\/impresion3d.mx\/es_mx\/wp-json\/wp\/v2\/types\/page"}],"author":[{"embeddable":true,"href":"https:\/\/impresion3d.mx\/es_mx\/wp-json\/wp\/v2\/users\/1"}],"replies":[{"embeddable":true,"href":"https:\/\/impresion3d.mx\/es_mx\/wp-json\/wp\/v2\/comments?post=2626"}],"version-history":[{"count":0,"href":"https:\/\/impresion3d.mx\/es_mx\/wp-json\/wp\/v2\/pages\/2626\/revisions"}],"wp:attachment":[{"href":"https:\/\/impresion3d.mx\/es_mx\/wp-json\/wp\/v2\/media?parent=2626"}],"curies":[{"name":"wp","href":"https:\/\/api.w.org\/{rel}","templated":true}]}}